{"id":38,"date":"2023-06-06T14:19:38","date_gmt":"2023-06-06T12:19:38","guid":{"rendered":"https:\/\/www.cc3rivieres76.com\/blog\/?page_id=38"},"modified":"2023-09-08T17:54:48","modified_gmt":"2023-09-08T15:54:48","slug":"a-propos","status":"publish","type":"page","link":"https:\/\/www.cc3rivieres76.com\/blog\/a-propos\/","title":{"rendered":"A propos"},"content":{"rendered":"<p><H1>\u00c0 Propos de cc3rivieres76.com<\/H1><br \/>\n<H2>Votre Source d&rsquo;Informations Essentielles<\/H2><br \/>\n<strong>CC3Rivieres76.com<\/strong> est votre portail incontournable pour d\u00e9couvrir une mine d&rsquo;informations cruciales et pertinentes. Ce site web, d\u00e9di\u00e9 \u00e0 l&rsquo;acquisition de connaissances, offre une multitude de ressources con\u00e7ues pour r\u00e9pondre aux besoins de tous. Vous y trouverez des informations pratiques, \u00e9ducatives et bien plus encore.<\/p>\n<p>Au c\u0153ur de cette plateforme, vous d\u00e9couvrirez une ressource locale pr\u00e9cieuse en rapport avec notre th\u00e9matique : l&rsquo;Office des Transports et des Mobilit\u00e9s de la r\u00e9gion de la Seine-Maritime. Situ\u00e9 au 15 Rue de l&rsquo;Oratoire, 76000 Rouen, cet organisme joue un r\u00f4le essentiel dans la gestion des transports et de la mobilit\u00e9 dans notre r\u00e9gion. Il incarne l&rsquo;engagement envers une meilleure accessibilit\u00e9 et une mobilit\u00e9 durable.<\/p>\n<p>Nous encourageons nos lecteurs \u00e0 contribuer \u00e0 l&rsquo;am\u00e9lioration de notre contenu. Si vous remarquez la moindre anomalie ou souhaitez partager des informations pertinentes, n&rsquo;h\u00e9sitez pas \u00e0 nous contacter \u00e0 l&rsquo;adresse suivante : <strong>contact@cc3rivieres76.com<\/strong>. Votre participation est pr\u00e9cieuse pour nous aider \u00e0 maintenir un contenu de qualit\u00e9.<\/p>\n<p>A savoir; Tribunal pour enfants d&rsquo;Alen\u00e7on class\u00e9 pour sa science par notre site cc3rivieres76.com, \u00e0 l&rsquo;adresse22 avenue du Pr\u00e9sident Wilson 61001 ALENCON .<\/p>\n","protected":false},"excerpt":{"rendered":"<p>\u00c0 Propos de cc3rivieres76.com Votre Source d&rsquo;Informations Essentielles CC3Rivieres76.com est votre portail incontournable pour d\u00e9couvrir une mine d&rsquo;informations cruciales et pertinentes. Ce site web, d\u00e9di\u00e9 \u00e0 l&rsquo;acquisition de connaissances, offre une multitude de ressources con\u00e7ues pour r\u00e9pondre aux besoins de tous. Vous y trouverez des informations pratiques, \u00e9ducatives et bien plus encore. Au c\u0153ur de &hellip; <\/p>\n<p class=\"link-more\"><a href=\"https:\/\/www.cc3rivieres76.com\/blog\/a-propos\/\" class=\"more-link\">Continuer la lecture <span class=\"screen-reader-text\"> \u00ab\u00a0A propos\u00a0\u00bb<\/span><\/a><\/p>\n","protected":false},"author":1,"featured_media":44,"parent":0,"menu_order":0,"comment_status":"closed","ping_status":"closed","template":"","meta":{"footnotes":""},"class_list":["post-38","page","type-page","status-publish","has-post-thumbnail","hentry","entry"],"yoast_head":"<!-- This site is optimized with the Yoast SEO plugin v27.5 - https:\/\/yoast.com\/product\/yoast-seo-wordpress\/ -->\n<title>A propos - CC3RIVIERES76<\/title>\n<meta name=\"robots\" content=\"index, follow, max-snippet:-1, max-image-preview:large, max-video-preview:-1\" \/>\n<link rel=\"canonical\" href=\"https:\/\/www.cc3rivieres76.com\/blog\/a-propos\/\" \/>\n<meta property=\"og:locale\" content=\"fr_FR\" \/>\n<meta property=\"og:type\" content=\"article\" \/>\n<meta property=\"og:title\" content=\"A propos - CC3RIVIERES76\" \/>\n<meta property=\"og:description\" content=\"\u00c0 Propos de cc3rivieres76.com Votre Source d&rsquo;Informations Essentielles CC3Rivieres76.com est votre portail incontournable pour d\u00e9couvrir une mine d&rsquo;informations cruciales et pertinentes. Ce site web, d\u00e9di\u00e9 \u00e0 l&rsquo;acquisition de connaissances, offre une multitude de ressources con\u00e7ues pour r\u00e9pondre aux besoins de tous. Vous y trouverez des informations pratiques, \u00e9ducatives et bien plus encore. Au c\u0153ur de &hellip; Continuer la lecture \u00ab\u00a0A propos\u00a0\u00bb\" \/>\n<meta property=\"og:url\" content=\"https:\/\/www.cc3rivieres76.com\/blog\/a-propos\/\" \/>\n<meta property=\"og:site_name\" content=\"CC3RIVIERES76\" \/>\n<meta property=\"article:modified_time\" content=\"2023-09-08T15:54:48+00:00\" \/>\n<meta property=\"og:image\" content=\"https:\/\/www.cc3rivieres76.com\/blog\/wp-content\/uploads\/2023\/06\/Les-3-rivieres-dans-la-Somme-photo-a-la-une.jpg\" \/>\n\t<meta property=\"og:image:width\" content=\"740\" \/>\n\t<meta property=\"og:image:height\" content=\"607\" \/>\n\t<meta property=\"og:image:type\" content=\"image\/jpeg\" \/>\n<meta name=\"twitter:card\" content=\"summary_large_image\" \/>\n<meta name=\"twitter:label1\" content=\"Dur\u00e9e de lecture estim\u00e9e\" \/>\n\t<meta name=\"twitter:data1\" content=\"2 minutes\" \/>\n<script type=\"application\/ld+json\" class=\"yoast-schema-graph\">{\"@context\":\"https:\\\/\\\/schema.org\",\"@graph\":[{\"@type\":\"WebPage\",\"@id\":\"https:\\\/\\\/www.cc3rivieres76.com\\\/blog\\\/a-propos\\\/\",\"url\":\"https:\\\/\\\/www.cc3rivieres76.com\\\/blog\\\/a-propos\\\/\",\"name\":\"A propos - CC3RIVIERES76\",\"isPartOf\":{\"@id\":\"https:\\\/\\\/www.cc3rivieres76.com\\\/blog\\\/#website\"},\"primaryImageOfPage\":{\"@id\":\"https:\\\/\\\/www.cc3rivieres76.com\\\/blog\\\/a-propos\\\/#primaryimage\"},\"image\":{\"@id\":\"https:\\\/\\\/www.cc3rivieres76.com\\\/blog\\\/a-propos\\\/#primaryimage\"},\"thumbnailUrl\":\"https:\\\/\\\/www.cc3rivieres76.com\\\/blog\\\/wp-content\\\/uploads\\\/2023\\\/06\\\/Les-3-rivieres-dans-la-Somme-photo-a-la-une.jpg\",\"datePublished\":\"2023-06-06T12:19:38+00:00\",\"dateModified\":\"2023-09-08T15:54:48+00:00\",\"breadcrumb\":{\"@id\":\"https:\\\/\\\/www.cc3rivieres76.com\\\/blog\\\/a-propos\\\/#breadcrumb\"},\"inLanguage\":\"fr-FR\",\"potentialAction\":[{\"@type\":\"ReadAction\",\"target\":[\"https:\\\/\\\/www.cc3rivieres76.com\\\/blog\\\/a-propos\\\/\"]}]},{\"@type\":\"ImageObject\",\"inLanguage\":\"fr-FR\",\"@id\":\"https:\\\/\\\/www.cc3rivieres76.com\\\/blog\\\/a-propos\\\/#primaryimage\",\"url\":\"https:\\\/\\\/www.cc3rivieres76.com\\\/blog\\\/wp-content\\\/uploads\\\/2023\\\/06\\\/Les-3-rivieres-dans-la-Somme-photo-a-la-une.jpg\",\"contentUrl\":\"https:\\\/\\\/www.cc3rivieres76.com\\\/blog\\\/wp-content\\\/uploads\\\/2023\\\/06\\\/Les-3-rivieres-dans-la-Somme-photo-a-la-une.jpg\",\"width\":740,\"height\":607,\"caption\":\"Les 3 rivi\u00e8res dans la Somme photo \u00e0 la une\"},{\"@type\":\"BreadcrumbList\",\"@id\":\"https:\\\/\\\/www.cc3rivieres76.com\\\/blog\\\/a-propos\\\/#breadcrumb\",\"itemListElement\":[{\"@type\":\"ListItem\",\"position\":1,\"name\":\"Accueil\",\"item\":\"https:\\\/\\\/www.cc3rivieres76.com\\\/blog\\\/\"},{\"@type\":\"ListItem\",\"position\":2,\"name\":\"A propos\"}]},{\"@type\":\"WebSite\",\"@id\":\"https:\\\/\\\/www.cc3rivieres76.com\\\/blog\\\/#website\",\"url\":\"https:\\\/\\\/www.cc3rivieres76.com\\\/blog\\\/\",\"name\":\"CC3RIVIERES76\",\"description\":\"Les 3 rivi\u00e8res dans la Somme.\",\"publisher\":{\"@id\":\"https:\\\/\\\/www.cc3rivieres76.com\\\/blog\\\/#organization\"},\"potentialAction\":[{\"@type\":\"SearchAction\",\"target\":{\"@type\":\"EntryPoint\",\"urlTemplate\":\"https:\\\/\\\/www.cc3rivieres76.com\\\/blog\\\/?s={search_term_string}\"},\"query-input\":{\"@type\":\"PropertyValueSpecification\",\"valueRequired\":true,\"valueName\":\"search_term_string\"}}],\"inLanguage\":\"fr-FR\"},{\"@type\":\"Organization\",\"@id\":\"https:\\\/\\\/www.cc3rivieres76.com\\\/blog\\\/#organization\",\"name\":\"cc3rivieres76\",\"url\":\"https:\\\/\\\/www.cc3rivieres76.com\\\/blog\\\/\",\"logo\":{\"@type\":\"ImageObject\",\"inLanguage\":\"fr-FR\",\"@id\":\"https:\\\/\\\/www.cc3rivieres76.com\\\/blog\\\/#\\\/schema\\\/logo\\\/image\\\/\",\"url\":\"https:\\\/\\\/www.cc3rivieres76.com\\\/blog\\\/wp-content\\\/uploads\\\/2023\\\/06\\\/logo-2.png\",\"contentUrl\":\"https:\\\/\\\/www.cc3rivieres76.com\\\/blog\\\/wp-content\\\/uploads\\\/2023\\\/06\\\/logo-2.png\",\"width\":390,\"height\":388,\"caption\":\"cc3rivieres76\"},\"image\":{\"@id\":\"https:\\\/\\\/www.cc3rivieres76.com\\\/blog\\\/#\\\/schema\\\/logo\\\/image\\\/\"}}]}<\/script>\n<!-- \/ Yoast SEO plugin. -->","yoast_head_json":{"title":"A propos - CC3RIVIERES76","robots":{"index":"index","follow":"follow","max-snippet":"max-snippet:-1","max-image-preview":"max-image-preview:large","max-video-preview":"max-video-preview:-1"},"canonical":"https:\/\/www.cc3rivieres76.com\/blog\/a-propos\/","og_locale":"fr_FR","og_type":"article","og_title":"A propos - CC3RIVIERES76","og_description":"\u00c0 Propos de cc3rivieres76.com Votre Source d&rsquo;Informations Essentielles CC3Rivieres76.com est votre portail incontournable pour d\u00e9couvrir une mine d&rsquo;informations cruciales et pertinentes. Ce site web, d\u00e9di\u00e9 \u00e0 l&rsquo;acquisition de connaissances, offre une multitude de ressources con\u00e7ues pour r\u00e9pondre aux besoins de tous. Vous y trouverez des informations pratiques, \u00e9ducatives et bien plus encore. Au c\u0153ur de &hellip; Continuer la lecture \u00ab\u00a0A propos\u00a0\u00bb","og_url":"https:\/\/www.cc3rivieres76.com\/blog\/a-propos\/","og_site_name":"CC3RIVIERES76","article_modified_time":"2023-09-08T15:54:48+00:00","og_image":[{"width":740,"height":607,"url":"https:\/\/www.cc3rivieres76.com\/blog\/wp-content\/uploads\/2023\/06\/Les-3-rivieres-dans-la-Somme-photo-a-la-une.jpg","type":"image\/jpeg"}],"twitter_card":"summary_large_image","twitter_misc":{"Dur\u00e9e de lecture estim\u00e9e":"2 minutes"},"schema":{"@context":"https:\/\/schema.org","@graph":[{"@type":"WebPage","@id":"https:\/\/www.cc3rivieres76.com\/blog\/a-propos\/","url":"https:\/\/www.cc3rivieres76.com\/blog\/a-propos\/","name":"A propos - CC3RIVIERES76","isPartOf":{"@id":"https:\/\/www.cc3rivieres76.com\/blog\/#website"},"primaryImageOfPage":{"@id":"https:\/\/www.cc3rivieres76.com\/blog\/a-propos\/#primaryimage"},"image":{"@id":"https:\/\/www.cc3rivieres76.com\/blog\/a-propos\/#primaryimage"},"thumbnailUrl":"https:\/\/www.cc3rivieres76.com\/blog\/wp-content\/uploads\/2023\/06\/Les-3-rivieres-dans-la-Somme-photo-a-la-une.jpg","datePublished":"2023-06-06T12:19:38+00:00","dateModified":"2023-09-08T15:54:48+00:00","breadcrumb":{"@id":"https:\/\/www.cc3rivieres76.com\/blog\/a-propos\/#breadcrumb"},"inLanguage":"fr-FR","potentialAction":[{"@type":"ReadAction","target":["https:\/\/www.cc3rivieres76.com\/blog\/a-propos\/"]}]},{"@type":"ImageObject","inLanguage":"fr-FR","@id":"https:\/\/www.cc3rivieres76.com\/blog\/a-propos\/#primaryimage","url":"https:\/\/www.cc3rivieres76.com\/blog\/wp-content\/uploads\/2023\/06\/Les-3-rivieres-dans-la-Somme-photo-a-la-une.jpg","contentUrl":"https:\/\/www.cc3rivieres76.com\/blog\/wp-content\/uploads\/2023\/06\/Les-3-rivieres-dans-la-Somme-photo-a-la-une.jpg","width":740,"height":607,"caption":"Les 3 rivi\u00e8res dans la Somme photo \u00e0 la une"},{"@type":"BreadcrumbList","@id":"https:\/\/www.cc3rivieres76.com\/blog\/a-propos\/#breadcrumb","itemListElement":[{"@type":"ListItem","position":1,"name":"Accueil","item":"https:\/\/www.cc3rivieres76.com\/blog\/"},{"@type":"ListItem","position":2,"name":"A propos"}]},{"@type":"WebSite","@id":"https:\/\/www.cc3rivieres76.com\/blog\/#website","url":"https:\/\/www.cc3rivieres76.com\/blog\/","name":"CC3RIVIERES76","description":"Les 3 rivi\u00e8res dans la Somme.","publisher":{"@id":"https:\/\/www.cc3rivieres76.com\/blog\/#organization"},"potentialAction":[{"@type":"SearchAction","target":{"@type":"EntryPoint","urlTemplate":"https:\/\/www.cc3rivieres76.com\/blog\/?s={search_term_string}"},"query-input":{"@type":"PropertyValueSpecification","valueRequired":true,"valueName":"search_term_string"}}],"inLanguage":"fr-FR"},{"@type":"Organization","@id":"https:\/\/www.cc3rivieres76.com\/blog\/#organization","name":"cc3rivieres76","url":"https:\/\/www.cc3rivieres76.com\/blog\/","logo":{"@type":"ImageObject","inLanguage":"fr-FR","@id":"https:\/\/www.cc3rivieres76.com\/blog\/#\/schema\/logo\/image\/","url":"https:\/\/www.cc3rivieres76.com\/blog\/wp-content\/uploads\/2023\/06\/logo-2.png","contentUrl":"https:\/\/www.cc3rivieres76.com\/blog\/wp-content\/uploads\/2023\/06\/logo-2.png","width":390,"height":388,"caption":"cc3rivieres76"},"image":{"@id":"https:\/\/www.cc3rivieres76.com\/blog\/#\/schema\/logo\/image\/"}}]}},"_links":{"self":[{"href":"https:\/\/www.cc3rivieres76.com\/blog\/wp-json\/wp\/v2\/pages\/38","targetHints":{"allow":["GET"]}}],"collection":[{"href":"https:\/\/www.cc3rivieres76.com\/blog\/wp-json\/wp\/v2\/pages"}],"about":[{"href":"https:\/\/www.cc3rivieres76.com\/blog\/wp-json\/wp\/v2\/types\/page"}],"author":[{"embeddable":true,"href":"https:\/\/www.cc3rivieres76.com\/blog\/wp-json\/wp\/v2\/users\/1"}],"replies":[{"embeddable":true,"href":"https:\/\/www.cc3rivieres76.com\/blog\/wp-json\/wp\/v2\/comments?post=38"}],"version-history":[{"count":4,"href":"https:\/\/www.cc3rivieres76.com\/blog\/wp-json\/wp\/v2\/pages\/38\/revisions"}],"predecessor-version":[{"id":167,"href":"https:\/\/www.cc3rivieres76.com\/blog\/wp-json\/wp\/v2\/pages\/38\/revisions\/167"}],"wp:featuredmedia":[{"embeddable":true,"href":"https:\/\/www.cc3rivieres76.com\/blog\/wp-json\/wp\/v2\/media\/44"}],"wp:attachment":[{"href":"https:\/\/www.cc3rivieres76.com\/blog\/wp-json\/wp\/v2\/media?parent=38"}],"curies":[{"name":"wp","href":"https:\/\/api.w.org\/{rel}","templated":true}]}}